{"id":13,"date":"2014-10-22T13:24:44","date_gmt":"2014-10-22T13:24:44","guid":{"rendered":"http:\/\/identistomatologia.pl\/?page_id=9"},"modified":"2014-10-22T13:24:44","modified_gmt":"2014-10-22T13:24:44","slug":"zespol","status":"publish","type":"page","link":"http:\/\/identistomatologia.pl\/?page_id=13","title":{"rendered":"Zesp\u00f3\u0142"},"content":{"rendered":"<div style=\"display: block; float: left; width: 100%;\">\n<h1 style=\"text-align: left;\">Zapraszamy do zapoznania si\u0119 z naszym zespo\u0142em<\/h1>\n<h2 style=\"text-align: left;\"><img loading=\"lazy\" decoding=\"async\" class=\"size-full wp-image-22 alignleft\" src=\"http:\/\/identistomatologia.pl\/wp-content\/uploads\/2014\/10\/robert-mienkina.jpg\" alt=\"Robert Mienkina Identi Stomatologia\" width=\"200\" height=\"300\" \/>Robert Mienkina<\/h2>\n<p style=\"text-align: left;\">Lekarz stomatolog, absolwent Akademii Medycznej w Warszawie w 1997.<br \/>\nWieloletni wyk\u0142adowca i asystent w Zak\u0142adzie Stomatologii Zachowawczej Akademii Medycznej W Warszawie.<br \/>\nUczestnik licznych kurs\u00f3w i konferencji krajowych i mi\u0119dzynarodowych.<\/p>\n<\/div>\n<div style=\"display: block; float: left; width: 100%;\">\n<h2 style=\"text-align: left;\"><img loading=\"lazy\" decoding=\"async\" class=\"size-full wp-image-22 alignleft\" src=\"http:\/\/identistomatologia.pl\/wp-content\/uploads\/2022\/05\/identizespol.jpg\" alt=\"\" width=\"200\" height=\"300\" \/>Ma\u0142gorzata Prz\u0105dka Barci\u0144ska<\/h2>\n<p style=\"text-align: left;\">Lekarz dentysta z wieloletnim do\u015bwiadczeniem, specjalista stomatologii zachowawczej z endodoncj\u0105. Warszawsk\u0105 Akadami\u0119 Medyczn\u0105 uko\u0144czy\u0142a w 1998r a tytu\u0142 specjalisty uzyska\u0142a w 2005r pod kierownictwem dr hab.n.med. Izabeli Stru\u017cyckiej. Swoj\u0105 wiedz\u0119 aktualizuje i nieustannie podnosi kwalifikacje uczestnicz\u0105c w licznych szkoleniach i konferencjach.<\/p>\n<\/div>\n<div style=\"display: block; float: left; width: 100%;\">\n<h2 style=\"text-align: left;\"><img loading=\"lazy\" decoding=\"async\" class=\"alignleft size-full wp-image-62\" src=\"http:\/\/identistomatologia.pl\/wp-content\/uploads\/2014\/10\/moscibroda.jpg\" alt=\"moscibroda\" width=\"200\" height=\"300\" \/>Katarzyna Mo\u015bcibroda<\/h2>\n<p style=\"text-align: left;\">Dr Katarzyna Mo\u015bcibroda uko\u0144czy\u0142a studia na Wydziale Lekarskim, Oddziale Stomatologii na Uniwersytecie Jagiello\u0144skim w 2006 roku.<br \/>\nW iDenti wykonuje zabiegi z zakresu ortodoncji.<br \/>\nSwoj\u0105 pasj\u0119 zwi\u0105zan\u0105 z ortodoncj\u0105 rozwin\u0119\u0142a na kilkuletnim kursie Dr Piotra Ch\u0105dzy\u0144skiego.<br \/>\nZdobyt\u0105 wiedz\u0119 systematycznie pog\u0142\u0119bia uczestnicz\u0105c w licznych kongresach i szkoleniach.<\/p>\n<\/div>\n<div style=\"display: block; float: left; width: 100%;\">\n<h2 style=\"text-align: left;\"><img loading=\"lazy\" decoding=\"async\" class=\"size-full wp-image-29 alignleft\" src=\"http:\/\/identistomatologia.pl\/wp-content\/uploads\/2014\/10\/piotr-wieczorek.jpg\" alt=\"piotr wieczorek\" width=\"200\" height=\"300\" \/>Piotr Wieczorek<\/h2>\n<p style=\"text-align: left;\">Lekarz stomatolog, absolwent Akademii Medycznej w Warszawie w 1995 roku.<br \/>\nW latach 1995-2006 aystent w Zak\u0142adzie Chirurgii Stomatologicznej Katedry Chirurgii Szcz\u0119kowo Twarzowej w Warszawie. Pierwszy stopie\u0144 specjalizacji z zakresu chirugii stomatologicznej 1998, drugi stopie\u0144 specjalizacji 2001. Od ponad 10 lat implantolog. Cz\u0142onek Osis Edi &#8211; og\u00f3lnoposkie stowarzyszenie implantolog\u00f3w stomatologicznych, posiadacz certyfikatu potwierdzaj\u0105cego zdobycie umiej\u0119tno\u015bci implantologa oraz curriculum implantologicznego Uniwersytetu Medycznego w Warszawie. Uczestnik programu szkoleniowego w NYU College of Dentistry.<\/p>\n<\/div>\n<div style=\"display: block; float: left; width: 100%;\">\n<h2 style=\"text-align: left;\"><img loading=\"lazy\" decoding=\"async\" class=\"size-full wp-image-42 alignleft\" src=\"http:\/\/identistomatologia.pl\/wp-content\/uploads\/2014\/10\/MZ1.jpg\" alt=\"MZ\" width=\"200\" height=\"300\" \/>Maciej Zaremba<\/h2>\n<ul style=\"text-align: left;\">\n<li>Uko\u0144czy\u0142 Warszawsk\u0105 Akademi\u0119 Medyczn\u0105 na kierunku stomatologicznym w roku 1997.<\/li>\n<li>Po zako\u0144czeniu studi\u00f3w i odbyciu sta\u017cu podyplomowego w roku 1998 rozpocz\u0105\u0142 prac\u0119 w Zak\u0142adzie Chor\u00f3b B\u0142ony \u015aluzowej i Przyz\u0119bia IS UM w Warszawie, gdzie pracuje\u00a0do tej pory na stanowisku adiunkta.<\/li>\n<li>W roku 2005 obroni\u0142 z wyr\u00f3\u017cnieniem prac\u0119 doktorsk\u0105 na temat: \u201eChoroba przyz\u0119bia czynnikiem ryzyka chor\u00f3b sercowo-naczyniowych?\u201d.<\/li>\n<li>Od roku 2007 specjalista\u00a0w dziedzinie periodontologii.<\/li>\n<li>Autor ponad 25 prac naukowych publikowanych w czasopismach krajowych\u00a0i zagranicznych (m.in. Journal of Periodontology, Journal of Clinical Periodontology).<\/li>\n<li>Wyk\u0142adowca: konferencja IDF, kursy szkolenia podyplomowego Warszawskiego Uniwersytetu Medycznego.<\/li>\n<\/ul>\n<\/div>\n<div style=\"display: block; float: left; width: 100%;\">\n<h2 style=\"text-align: left;\"><img loading=\"lazy\" decoding=\"async\" class=\"size-full wp-image-42 alignleft\" src=\"http:\/\/identistomatologia.pl\/wp-content\/uploads\/2024\/01\/Barbara-Mienkina-Swiatek.jpg\" alt=\"MZ\" width=\"200\" height=\"300\" \/>Barbara Mienkina-\u015awi\u0105tek<\/h2>\n<p style=\"text-align: left;\">Lekarz dentysta, absolwentka Warszawskiego Uniwersytetu Medycznego w 2022 roku. Obecnie w trakcie specjalizacji z ortodoncji. Swoj\u0105 zdobyt\u0105 wiedz\u0119 aktualizuje poprzez uczestnictwo w wielu kursach i szkoleniach.<\/p>\n<\/div>\n","protected":false},"excerpt":{"rendered":"<p>Zapraszamy do zapoznania si\u0119 z naszym zespo\u0142em Robert Mienkina Lekarz stomatolog, absolwent Akademii Medycznej w Warszawie w 1997. Wieloletni wyk\u0142adowca i asystent w Zak\u0142adzie Stomatologii Zachowawczej Akademii Medycznej W Warszawie. Uczestnik licznych kurs\u00f3w i konferencji krajowych i mi\u0119dzynarodowych. Ma\u0142gorzata Prz\u0105dka Barci\u0144ska Lekarz dentysta z wieloletnim do\u015bwiadczeniem, specjalista stomatologii zachowawczej z endodoncj\u0105. Warszawsk\u0105 Akadami\u0119 Medyczn\u0105 uko\u0144czy\u0142a [&hellip;]<\/p>\n","protected":false},"author":1,"featured_media":0,"parent":0,"menu_order":0,"comment_status":"open","ping_status":"open","template":"","meta":{"footnotes":""},"class_list":["post-13","page","type-page","status-publish","hentry"],"_links":{"self":[{"href":"http:\/\/identistomatologia.pl\/index.php?rest_route=\/wp\/v2\/pages\/13","targetHints":{"allow":["GET"]}}],"collection":[{"href":"http:\/\/identistomatologia.pl\/index.php?rest_route=\/wp\/v2\/pages"}],"about":[{"href":"http:\/\/identistomatologia.pl\/index.php?rest_route=\/wp\/v2\/types\/page"}],"author":[{"embeddable":true,"href":"http:\/\/identistomatologia.pl\/index.php?rest_route=\/wp\/v2\/users\/1"}],"replies":[{"embeddable":true,"href":"http:\/\/identistomatologia.pl\/index.php?rest_route=%2Fwp%2Fv2%2Fcomments&post=13"}],"version-history":[{"count":0,"href":"http:\/\/identistomatologia.pl\/index.php?rest_route=\/wp\/v2\/pages\/13\/revisions"}],"wp:attachment":[{"href":"http:\/\/identistomatologia.pl\/index.php?rest_route=%2Fwp%2Fv2%2Fmedia&parent=13"}],"curies":[{"name":"wp","href":"https:\/\/api.w.org\/{rel}","templated":true}]}}