{"id":12,"date":"2014-10-22T13:24:45","date_gmt":"2014-10-22T13:24:45","guid":{"rendered":"http:\/\/identistomatologia.pl\/?page_id=8"},"modified":"2024-03-05T10:16:30","modified_gmt":"2024-03-05T09:16:30","slug":"kontakt","status":"publish","type":"page","link":"http:\/\/identistomatologia.pl\/?page_id=12","title":{"rendered":"Kontakt"},"content":{"rendered":"\n<h1 class=\"wp-block-heading\">Skontaktuj si\u0119 z nami<\/h1>\n\n\n\n<h2 class=\"wp-block-heading\"><strong>Rejestracja:<\/strong> 22 126 88 09<br>ul. Rechniewskiego 11 lok U1, Warszawa<\/h2>\n\n\n\n<iframe src=\"https:\/\/www.google.com\/maps\/embed?pb=!1m18!1m12!1m3!1d312809.80678713135!2d20.592790401490202!3d52.2283678!2m3!1f0!2f0!3f0!3m2!1i1024!2i768!4f13.1!3m3!1m2!1s0x471ecd865812aa4d%3A0x9793bda87126c2ef!2sIdentiStomatologia.pl!5e0!3m2!1spl!2spl!4v1709630125922!5m2!1spl!2spl\" width=\"600\" height=\"450\" style=\"border:0;\" allowfullscreen=\"\" loading=\"lazy\" referrerpolicy=\"no-referrer-when-downgrade\"><\/iframe>\n\n\n\n<p class=\"has-text-align-center\"><br><small>Poka\u017c <a style=\"color: #0000ff; text-align: left;\" href=\"https:\/\/maps.google.pl\/maps\/ms?msa=0&amp;msid=208850392061495589358.0004db15effd5beb93d2f&amp;hl=pl&amp;ie=UTF8&amp;t=m&amp;ll=52.230638,21.104822&amp;spn=0.026285,0.077162&amp;z=14&amp;iwloc=0004db15f41cb0faa0f6e&amp;source=embed\">Identi Stomatologia<\/a> na wi\u0119kszej mapie<\/small><\/p>\n","protected":false},"excerpt":{"rendered":"<p>Skontaktuj si\u0119 z nami Rejestracja: 22 126 88 09ul. Rechniewskiego 11 lok U1, Warszawa Poka\u017c Identi Stomatologia na wi\u0119kszej mapie<\/p>\n","protected":false},"author":1,"featured_media":0,"parent":0,"menu_order":0,"comment_status":"open","ping_status":"open","template":"","meta":{"footnotes":""},"class_list":["post-12","page","type-page","status-publish","hentry"],"_links":{"self":[{"href":"http:\/\/identistomatologia.pl\/index.php?rest_route=\/wp\/v2\/pages\/12","targetHints":{"allow":["GET"]}}],"collection":[{"href":"http:\/\/identistomatologia.pl\/index.php?rest_route=\/wp\/v2\/pages"}],"about":[{"href":"http:\/\/identistomatologia.pl\/index.php?rest_route=\/wp\/v2\/types\/page"}],"author":[{"embeddable":true,"href":"http:\/\/identistomatologia.pl\/index.php?rest_route=\/wp\/v2\/users\/1"}],"replies":[{"embeddable":true,"href":"http:\/\/identistomatologia.pl\/index.php?rest_route=%2Fwp%2Fv2%2Fcomments&post=12"}],"version-history":[{"count":2,"href":"http:\/\/identistomatologia.pl\/index.php?rest_route=\/wp\/v2\/pages\/12\/revisions"}],"predecessor-version":[{"id":17,"href":"http:\/\/identistomatologia.pl\/index.php?rest_route=\/wp\/v2\/pages\/12\/revisions\/17"}],"wp:attachment":[{"href":"http:\/\/identistomatologia.pl\/index.php?rest_route=%2Fwp%2Fv2%2Fmedia&parent=12"}],"curies":[{"name":"wp","href":"https:\/\/api.w.org\/{rel}","templated":true}]}}